{"id":5872,"date":"2025-02-18T09:46:14","date_gmt":"2025-02-18T09:46:14","guid":{"rendered":"http:\/\/trainworld.local\/collections\/lhistoire-des-chemins-de-fer-belges\/5-de-golden-sixties-en-de-oliecrisis-tweede-helft-20e-eeuw\/"},"modified":"2025-03-11T12:33:08","modified_gmt":"2025-03-11T12:33:08","slug":"5-les-golden-sixties-et-la-crise-petroliere-deuxieme-moitie-du-xxe-siecle","status":"publish","type":"page","link":"https:\/\/trainworld.be\/fr\/collections\/lhistoire-des-chemins-de-fer-belges\/5-les-golden-sixties-et-la-crise-petroliere-deuxieme-moitie-du-xxe-siecle\/","title":{"rendered":"5. Les Golden Sixties et la crise p\u00e9troli\u00e8re (deuxi\u00e8me moiti\u00e9 du XXe si\u00e8cle)"},"content":{"rendered":"","protected":false},"excerpt":{"rendered":"","protected":false},"author":1,"featured_media":3450,"parent":5822,"menu_order":5,"comment_status":"closed","ping_status":"closed","template":"page-colletions-history.php","meta":{"_acf_changed":false,"footnotes":""},"class_list":["post-5872","page","type-page","status-publish","has-post-thumbnail","hentry"],"acf":[],"yoast_head":"<!-- This site is optimized with the Yoast SEO plugin v27.3 - https:\/\/yoast.com\/product\/yoast-seo-wordpress\/ -->\n<title>5. Les Golden Sixties et la crise p\u00e9troli\u00e8re (deuxi\u00e8me moiti\u00e9 du XXe si\u00e8cle) - TrainWorld<\/title>\n<meta name=\"robots\" content=\"index, follow, max-snippet:-1, max-image-preview:large, max-video-preview:-1\" \/>\n<link rel=\"canonical\" href=\"https:\/\/trainworld.be\/fr\/collections\/lhistoire-des-chemins-de-fer-belges\/5-les-golden-sixties-et-la-crise-petroliere-deuxieme-moitie-du-xxe-siecle\/\" \/>\n<script type=\"application\/ld+json\" class=\"yoast-schema-graph\">{\"@context\":\"https:\\\/\\\/schema.org\",\"@graph\":[{\"@type\":\"WebPage\",\"@id\":\"https:\\\/\\\/trainworld.be\\\/fr\\\/collections\\\/lhistoire-des-chemins-de-fer-belges\\\/5-les-golden-sixties-et-la-crise-petroliere-deuxieme-moitie-du-xxe-siecle\\\/\",\"url\":\"https:\\\/\\\/trainworld.be\\\/fr\\\/collections\\\/lhistoire-des-chemins-de-fer-belges\\\/5-les-golden-sixties-et-la-crise-petroliere-deuxieme-moitie-du-xxe-siecle\\\/\",\"name\":\"5. Les Golden Sixties et la crise p\u00e9troli\u00e8re (deuxi\u00e8me moiti\u00e9 du XXe si\u00e8cle) - TrainWorld\",\"isPartOf\":{\"@id\":\"https:\\\/\\\/trainworld.be\\\/fr\\\/#website\"},\"primaryImageOfPage\":{\"@id\":\"https:\\\/\\\/trainworld.be\\\/fr\\\/collections\\\/lhistoire-des-chemins-de-fer-belges\\\/5-les-golden-sixties-et-la-crise-petroliere-deuxieme-moitie-du-xxe-siecle\\\/#primaryimage\"},\"image\":{\"@id\":\"https:\\\/\\\/trainworld.be\\\/fr\\\/collections\\\/lhistoire-des-chemins-de-fer-belges\\\/5-les-golden-sixties-et-la-crise-petroliere-deuxieme-moitie-du-xxe-siecle\\\/#primaryimage\"},\"thumbnailUrl\":\"https:\\\/\\\/trainworld.be\\\/wp-content\\\/uploads\\\/2025\\\/02\\\/5-de-golden-sixties-en-de-oliecrisis-tweede-helft-20e-eeuw-nl-25116.jpg\",\"datePublished\":\"2025-02-18T09:46:14+00:00\",\"dateModified\":\"2025-03-11T12:33:08+00:00\",\"breadcrumb\":{\"@id\":\"https:\\\/\\\/trainworld.be\\\/fr\\\/collections\\\/lhistoire-des-chemins-de-fer-belges\\\/5-les-golden-sixties-et-la-crise-petroliere-deuxieme-moitie-du-xxe-siecle\\\/#breadcrumb\"},\"inLanguage\":\"fr-FR\",\"potentialAction\":[{\"@type\":\"ReadAction\",\"target\":[\"https:\\\/\\\/trainworld.be\\\/fr\\\/collections\\\/lhistoire-des-chemins-de-fer-belges\\\/5-les-golden-sixties-et-la-crise-petroliere-deuxieme-moitie-du-xxe-siecle\\\/\"]}]},{\"@type\":\"ImageObject\",\"inLanguage\":\"fr-FR\",\"@id\":\"https:\\\/\\\/trainworld.be\\\/fr\\\/collections\\\/lhistoire-des-chemins-de-fer-belges\\\/5-les-golden-sixties-et-la-crise-petroliere-deuxieme-moitie-du-xxe-siecle\\\/#primaryimage\",\"url\":\"https:\\\/\\\/trainworld.be\\\/wp-content\\\/uploads\\\/2025\\\/02\\\/5-de-golden-sixties-en-de-oliecrisis-tweede-helft-20e-eeuw-nl-25116.jpg\",\"contentUrl\":\"https:\\\/\\\/trainworld.be\\\/wp-content\\\/uploads\\\/2025\\\/02\\\/5-de-golden-sixties-en-de-oliecrisis-tweede-helft-20e-eeuw-nl-25116.jpg\",\"width\":800,\"height\":800},{\"@type\":\"BreadcrumbList\",\"@id\":\"https:\\\/\\\/trainworld.be\\\/fr\\\/collections\\\/lhistoire-des-chemins-de-fer-belges\\\/5-les-golden-sixties-et-la-crise-petroliere-deuxieme-moitie-du-xxe-siecle\\\/#breadcrumb\",\"itemListElement\":[{\"@type\":\"ListItem\",\"position\":1,\"name\":\"Train World\",\"item\":\"https:\\\/\\\/trainworld.be\\\/fr\\\/\"},{\"@type\":\"ListItem\",\"position\":2,\"name\":\"Collections\",\"item\":\"https:\\\/\\\/trainworld.be\\\/fr\\\/collections\\\/\"},{\"@type\":\"ListItem\",\"position\":3,\"name\":\"L&#8217;histoire des chemins de fer belges\",\"item\":\"https:\\\/\\\/trainworld.be\\\/fr\\\/collections\\\/lhistoire-des-chemins-de-fer-belges\\\/\"},{\"@type\":\"ListItem\",\"position\":4,\"name\":\"5. Les Golden Sixties et la crise p\u00e9troli\u00e8re (deuxi\u00e8me moiti\u00e9 du XXe si\u00e8cle)\"}]},{\"@type\":\"WebSite\",\"@id\":\"https:\\\/\\\/trainworld.be\\\/fr\\\/#website\",\"url\":\"https:\\\/\\\/trainworld.be\\\/fr\\\/\",\"name\":\"TrainWorld\",\"description\":\"Le mus\u00e9e o\u00f9 l&#039;on peut presque tout toucher\",\"publisher\":{\"@id\":\"https:\\\/\\\/trainworld.be\\\/fr\\\/#organization\"},\"potentialAction\":[{\"@type\":\"SearchAction\",\"target\":{\"@type\":\"EntryPoint\",\"urlTemplate\":\"https:\\\/\\\/trainworld.be\\\/fr\\\/?s={search_term_string}\"},\"query-input\":{\"@type\":\"PropertyValueSpecification\",\"valueRequired\":true,\"valueName\":\"search_term_string\"}}],\"inLanguage\":\"fr-FR\"},{\"@type\":\"Organization\",\"@id\":\"https:\\\/\\\/trainworld.be\\\/fr\\\/#organization\",\"name\":\"TrainWorld\",\"url\":\"https:\\\/\\\/trainworld.be\\\/fr\\\/\",\"logo\":{\"@type\":\"ImageObject\",\"inLanguage\":\"fr-FR\",\"@id\":\"https:\\\/\\\/trainworld.be\\\/fr\\\/#\\\/schema\\\/logo\\\/image\\\/\",\"url\":\"https:\\\/\\\/trainworld.be\\\/wp-content\\\/uploads\\\/2023\\\/10\\\/Group-201.svg\",\"contentUrl\":\"https:\\\/\\\/trainworld.be\\\/wp-content\\\/uploads\\\/2023\\\/10\\\/Group-201.svg\",\"width\":1,\"height\":1,\"caption\":\"TrainWorld\"},\"image\":{\"@id\":\"https:\\\/\\\/trainworld.be\\\/fr\\\/#\\\/schema\\\/logo\\\/image\\\/\"}}]}<\/script>\n<!-- \/ Yoast SEO plugin. -->","yoast_head_json":{"title":"5. Les Golden Sixties et la crise p\u00e9troli\u00e8re (deuxi\u00e8me moiti\u00e9 du XXe si\u00e8cle) - TrainWorld","robots":{"index":"index","follow":"follow","max-snippet":"max-snippet:-1","max-image-preview":"max-image-preview:large","max-video-preview":"max-video-preview:-1"},"canonical":"https:\/\/trainworld.be\/fr\/collections\/lhistoire-des-chemins-de-fer-belges\/5-les-golden-sixties-et-la-crise-petroliere-deuxieme-moitie-du-xxe-siecle\/","schema":{"@context":"https:\/\/schema.org","@graph":[{"@type":"WebPage","@id":"https:\/\/trainworld.be\/fr\/collections\/lhistoire-des-chemins-de-fer-belges\/5-les-golden-sixties-et-la-crise-petroliere-deuxieme-moitie-du-xxe-siecle\/","url":"https:\/\/trainworld.be\/fr\/collections\/lhistoire-des-chemins-de-fer-belges\/5-les-golden-sixties-et-la-crise-petroliere-deuxieme-moitie-du-xxe-siecle\/","name":"5. Les Golden Sixties et la crise p\u00e9troli\u00e8re (deuxi\u00e8me moiti\u00e9 du XXe si\u00e8cle) - TrainWorld","isPartOf":{"@id":"https:\/\/trainworld.be\/fr\/#website"},"primaryImageOfPage":{"@id":"https:\/\/trainworld.be\/fr\/collections\/lhistoire-des-chemins-de-fer-belges\/5-les-golden-sixties-et-la-crise-petroliere-deuxieme-moitie-du-xxe-siecle\/#primaryimage"},"image":{"@id":"https:\/\/trainworld.be\/fr\/collections\/lhistoire-des-chemins-de-fer-belges\/5-les-golden-sixties-et-la-crise-petroliere-deuxieme-moitie-du-xxe-siecle\/#primaryimage"},"thumbnailUrl":"https:\/\/trainworld.be\/wp-content\/uploads\/2025\/02\/5-de-golden-sixties-en-de-oliecrisis-tweede-helft-20e-eeuw-nl-25116.jpg","datePublished":"2025-02-18T09:46:14+00:00","dateModified":"2025-03-11T12:33:08+00:00","breadcrumb":{"@id":"https:\/\/trainworld.be\/fr\/collections\/lhistoire-des-chemins-de-fer-belges\/5-les-golden-sixties-et-la-crise-petroliere-deuxieme-moitie-du-xxe-siecle\/#breadcrumb"},"inLanguage":"fr-FR","potentialAction":[{"@type":"ReadAction","target":["https:\/\/trainworld.be\/fr\/collections\/lhistoire-des-chemins-de-fer-belges\/5-les-golden-sixties-et-la-crise-petroliere-deuxieme-moitie-du-xxe-siecle\/"]}]},{"@type":"ImageObject","inLanguage":"fr-FR","@id":"https:\/\/trainworld.be\/fr\/collections\/lhistoire-des-chemins-de-fer-belges\/5-les-golden-sixties-et-la-crise-petroliere-deuxieme-moitie-du-xxe-siecle\/#primaryimage","url":"https:\/\/trainworld.be\/wp-content\/uploads\/2025\/02\/5-de-golden-sixties-en-de-oliecrisis-tweede-helft-20e-eeuw-nl-25116.jpg","contentUrl":"https:\/\/trainworld.be\/wp-content\/uploads\/2025\/02\/5-de-golden-sixties-en-de-oliecrisis-tweede-helft-20e-eeuw-nl-25116.jpg","width":800,"height":800},{"@type":"BreadcrumbList","@id":"https:\/\/trainworld.be\/fr\/collections\/lhistoire-des-chemins-de-fer-belges\/5-les-golden-sixties-et-la-crise-petroliere-deuxieme-moitie-du-xxe-siecle\/#breadcrumb","itemListElement":[{"@type":"ListItem","position":1,"name":"Train World","item":"https:\/\/trainworld.be\/fr\/"},{"@type":"ListItem","position":2,"name":"Collections","item":"https:\/\/trainworld.be\/fr\/collections\/"},{"@type":"ListItem","position":3,"name":"L&#8217;histoire des chemins de fer belges","item":"https:\/\/trainworld.be\/fr\/collections\/lhistoire-des-chemins-de-fer-belges\/"},{"@type":"ListItem","position":4,"name":"5. Les Golden Sixties et la crise p\u00e9troli\u00e8re (deuxi\u00e8me moiti\u00e9 du XXe si\u00e8cle)"}]},{"@type":"WebSite","@id":"https:\/\/trainworld.be\/fr\/#website","url":"https:\/\/trainworld.be\/fr\/","name":"TrainWorld","description":"Le mus\u00e9e o\u00f9 l&#039;on peut presque tout toucher","publisher":{"@id":"https:\/\/trainworld.be\/fr\/#organization"},"potentialAction":[{"@type":"SearchAction","target":{"@type":"EntryPoint","urlTemplate":"https:\/\/trainworld.be\/fr\/?s={search_term_string}"},"query-input":{"@type":"PropertyValueSpecification","valueRequired":true,"valueName":"search_term_string"}}],"inLanguage":"fr-FR"},{"@type":"Organization","@id":"https:\/\/trainworld.be\/fr\/#organization","name":"TrainWorld","url":"https:\/\/trainworld.be\/fr\/","logo":{"@type":"ImageObject","inLanguage":"fr-FR","@id":"https:\/\/trainworld.be\/fr\/#\/schema\/logo\/image\/","url":"https:\/\/trainworld.be\/wp-content\/uploads\/2023\/10\/Group-201.svg","contentUrl":"https:\/\/trainworld.be\/wp-content\/uploads\/2023\/10\/Group-201.svg","width":1,"height":1,"caption":"TrainWorld"},"image":{"@id":"https:\/\/trainworld.be\/fr\/#\/schema\/logo\/image\/"}}]}},"_links":{"self":[{"href":"https:\/\/trainworld.be\/fr\/wp-json\/wp\/v2\/pages\/5872","targetHints":{"allow":["GET"]}}],"collection":[{"href":"https:\/\/trainworld.be\/fr\/wp-json\/wp\/v2\/pages"}],"about":[{"href":"https:\/\/trainworld.be\/fr\/wp-json\/wp\/v2\/types\/page"}],"author":[{"embeddable":true,"href":"https:\/\/trainworld.be\/fr\/wp-json\/wp\/v2\/users\/1"}],"replies":[{"embeddable":true,"href":"https:\/\/trainworld.be\/fr\/wp-json\/wp\/v2\/comments?post=5872"}],"version-history":[{"count":0,"href":"https:\/\/trainworld.be\/fr\/wp-json\/wp\/v2\/pages\/5872\/revisions"}],"up":[{"embeddable":true,"href":"https:\/\/trainworld.be\/fr\/wp-json\/wp\/v2\/pages\/5822"}],"wp:featuredmedia":[{"embeddable":true,"href":"https:\/\/trainworld.be\/fr\/wp-json\/wp\/v2\/media\/3450"}],"wp:attachment":[{"href":"https:\/\/trainworld.be\/fr\/wp-json\/wp\/v2\/media?parent=5872"}],"curies":[{"name":"wp","href":"https:\/\/api.w.org\/{rel}","templated":true}]}}